{"id":49578,"date":"2021-05-02T12:06:03","date_gmt":"2021-05-02T10:06:03","guid":{"rendered":"https:\/\/the7.io\/winery\/?page_id=10"},"modified":"2025-05-07T18:03:36","modified_gmt":"2025-05-07T16:03:36","slug":"accueil-le-cosy-notre-dame-de-bellecombe","status":"publish","type":"page","link":"https:\/\/www.chaletcosy-notredamedebellecombe.com\/","title":{"rendered":"Accueil"},"content":{"rendered":"\t\t<div data-elementor-type=\"wp-page\" data-elementor-id=\"49578\" class=\"elementor elementor-49578\">\n\t\t\t\t\t\t<section class=\"elementor-section elementor-top-section elementor-element elementor-element-d57b931 elementor-section-full_width elementor-section-height-min-height elementor-section-items-stretch elementor-section-height-default elementor-invisible\" data-id=\"d57b931\" data-element_type=\"section\" data-e-type=\"section\" data-settings=\"{&quot;background_background&quot;:&quot;video&quot;,&quot;animation&quot;:&quot;fadeIn&quot;,&quot;background_video_link&quot;:&quot;https:\\\/\\\/youtu.be\\\/vh5WSjyXk8w&quot;,&quot;background_video_start&quot;:0,&quot;background_play_on_mobile&quot;:&quot;yes&quot;,&quot;background_privacy_mode&quot;:&quot;yes&quot;}\">\n\t\t\t\t\t\t\t\t<div class=\"elementor-background-video-container\">\n\t\t\t\t\t\t\t\t\t\t\t\t\t<div class=\"elementor-background-video-embed\" role=\"presentation\"><\/div>\n\t\t\t\t\t\t\t\t\t\t\t\t<\/div>\n\t\t\t\t\t\t\t\t\t<div class=\"elementor-background-overlay\"><\/div>\n\t\t\t\t\t\t\t<div class=\"elementor-container elementor-column-gap-default\">\n\t\t\t\t\t<div class=\"elementor-column elementor-col-100 elementor-top-column elementor-element elementor-element-21b3274\" data-id=\"21b3274\" data-element_type=\"column\" data-e-type=\"column\" data-settings=\"{&quot;background_background&quot;:&quot;slideshow&quot;,&quot;background_slideshow_gallery&quot;:[],&quot;background_slideshow_loop&quot;:&quot;yes&quot;,&quot;background_slideshow_slide_duration&quot;:5000,&quot;background_slideshow_slide_transition&quot;:&quot;fade&quot;,&quot;background_slideshow_transition_duration&quot;:500}\">\n\t\t\t<div class=\"elementor-widget-wrap elementor-element-populated\">\n\t\t\t\t\t\t<div class=\"elementor-element elementor-element-537ee91 elementor-hidden-mobile elementor-widget elementor-widget-image\" data-id=\"537ee91\" data-element_type=\"widget\" data-e-type=\"widget\" data-widget_type=\"image.default\">\n\t\t\t\t<div class=\"elementor-widget-container\">\n\t\t\t\t\t\t\t\t\t\t\t\t\t\t\t<img decoding=\"async\" src=\"https:\/\/www.chaletcosy-notredamedebellecombe.com\/wp-content\/uploads\/elementor\/thumbs\/logo-cosy-blc-fond-transpar-pf4x5ayniugymnwla6dd0d9xae0vyy8t8bovidmr18.png\" title=\"gite cosy notre dame de bellecombe\" alt=\"gite cosy notre dame de bellecombe\" loading=\"lazy\" \/>\t\t\t\t\t\t\t\t\t\t\t\t\t\t\t<\/div>\n\t\t\t\t<\/div>\n\t\t\t\t<div class=\"elementor-element elementor-element-cd6b764 elementor-widget elementor-widget-heading\" data-id=\"cd6b764\" data-element_type=\"widget\" data-e-type=\"widget\" data-widget_type=\"heading.default\">\n\t\t\t\t<div class=\"elementor-widget-container\">\n\t\t\t\t\t<h1 class=\"elementor-heading-title elementor-size-default\">So Cosy<\/h1>\t\t\t\t<\/div>\n\t\t\t\t<\/div>\n\t\t\t\t<div class=\"elementor-element elementor-element-a196ba6 elementor-widget elementor-widget-heading\" data-id=\"a196ba6\" data-element_type=\"widget\" data-e-type=\"widget\" data-widget_type=\"heading.default\">\n\t\t\t\t<div class=\"elementor-widget-container\">\n\t\t\t\t\t<h1 class=\"elementor-heading-title elementor-size-default\">NOTRE DAME DE BELLECOMBE 1350M<\/h1>\t\t\t\t<\/div>\n\t\t\t\t<\/div>\n\t\t\t\t<div class=\"elementor-element elementor-element-042a467 elementor-widget elementor-widget-heading\" data-id=\"042a467\" data-element_type=\"widget\" data-e-type=\"widget\" data-widget_type=\"heading.default\">\n\t\t\t\t<div class=\"elementor-widget-container\">\n\t\t\t\t\t<h5 class=\"elementor-heading-title elementor-size-default\">Appartements \u00e0 Louer<\/h5>\t\t\t\t<\/div>\n\t\t\t\t<\/div>\n\t\t\t\t\t<\/div>\n\t\t<\/div>\n\t\t\t\t\t<\/div>\n\t\t<\/section>\n\t\t\t\t<section class=\"elementor-section elementor-top-section elementor-element elementor-element-853ebc4 elementor-section-boxed elementor-section-height-default elementor-section-height-default\" data-id=\"853ebc4\" data-element_type=\"section\" data-e-type=\"section\">\n\t\t\t\t\t\t<div class=\"elementor-container elementor-column-gap-default\">\n\t\t\t\t\t<div class=\"elementor-column elementor-col-66 elementor-top-column elementor-element elementor-element-d685ac1\" data-id=\"d685ac1\" data-element_type=\"column\" data-e-type=\"column\">\n\t\t\t<div class=\"elementor-widget-wrap elementor-element-populated\">\n\t\t\t\t\t\t<div class=\"elementor-element elementor-element-6fc615c elementor-widget elementor-widget-text-editor\" data-id=\"6fc615c\" data-element_type=\"widget\" data-e-type=\"widget\" data-widget_type=\"text-editor.default\">\n\t\t\t\t<div class=\"elementor-widget-container\">\n\t\t\t\t\t\t\t\t\t<div dir=\"auto\"><div dir=\"auto\"><p>C&rsquo;est avec une immense joie que nous vous accueillerons dans l&rsquo;un de nos appartements cosy, perch\u00e9 dans nos magnifiques montagnes de Savoie au c\u0153ur du Val d\u2019Arly.<\/p><p>Situ\u00e9 \u00e0 Notre Dame de Bellecombe en Savoie \u00e0 1350m d&rsquo;altitude, dans une station village aux charmes d&rsquo;antan avec un patrimoine riche du Val d&rsquo;Arly&#8230;.En famille, entre amis, nous vous accueillons dans nos locations \u00ab So Cosy \u00bb.\u00a0\u00a0D\u00e9couvrez sans plus attendre nos appartements situ\u00e9s dans les Alpes.<\/p><\/div><\/div><div><p><span style=\"font-family: Roboto, sans-serif; font-size: medium;\">Le\u00a0<\/span><strong><a href=\"https:\/\/www.chaletcosy-notredamedebellecombe.com\/lodge-cosy-notre-dame-de-bellecombe\/\">\u00a0COSY <\/a><a href=\"https:\/\/www.chaletcosy-notredamedebellecombe.com\/lodge-cosy-notre-dame-de-bellecombe\/\">LODGE CHARVIN<\/a><a href=\"https:\/\/www.chaletcosy-notredamedebellecombe.com\/lodge-cosy-notre-dame-de-bellecombe\/\">\u00a0\u00a0<\/a><\/strong>est id\u00e9al pour les groupes d\u2019amis ou les familles (jusqu&rsquo;\u00e0 10 voyageurs)\u00a0<\/p><p><span style=\"font-weight: bold;\">l<\/span><span style=\"font-size: medium; color: var( --e-global-color-text ); font-family: var( --e-global-typography-text-font-family ), Sans-serif; font-weight: var( --e-global-typography-text-font-weight ); letter-spacing: var(--the7-base-letter-spacing); text-transform: var(--the7-base-text-transform); word-spacing: normal;\">e\u00a0<\/span><span style=\"color: var( --e-global-color-text ); font-family: var( --e-global-typography-text-font-family ), Sans-serif; letter-spacing: var(--the7-base-letter-spacing); text-transform: var(--the7-base-text-transform); word-spacing: normal; font-weight: bold;\"><a href=\"https:\/\/www.chaletcosy-notredamedebellecombe.com\/lodge-cosy-notre-dame-de-bellecombe\/\">COSY\u00a0<\/a><a href=\"https:\/\/www.chaletcosy-notredamedebellecombe.com\/lodge-cosy-notre-dame-de-bellecombe\/\">LODGE<\/a><a href=\"https:\/\/www.chaletcosy-notredamedebellecombe.com\/lodge-cosy-notre-dame-de-bellecombe\/\">\u00a0VORES\u00a0<\/a><\/span><span style=\"color: var( --e-global-color-text ); font-family: var( --e-global-typography-text-font-family ), Sans-serif; font-weight: var( --e-global-typography-text-font-weight ); letter-spacing: var(--the7-base-letter-spacing); text-transform: var(--the7-base-text-transform); word-spacing: normal;\">est\u00a0id\u00e9al pour\u00a0les groupes d\u2019amis ou les familles (jusqu&rsquo;\u00e0 8 voyageurs).<\/span><\/p><p>Le <b><a href=\"https:\/\/www.chaletcosy-notredamedebellecombe.com\/lodge-cosy-notre-dame-de-bellecombe\/\">G\u00ceTE COSY<\/a><\/b>\u00a0est dans le chalet du propri\u00e9taire (Caroline) avec une\u00a0entr\u00e9e\u00a0ind\u00e9pendante.\u00a0Vous serez\u00a0en immersion dans la nature situ\u00e9\u00a0en rez de jardin avec un espace chambre en duplex, disponible (jusqu&rsquo;\u00e0 6 voyageurs).<\/p><p>Vous souhaitez vous \u00e9vader \u00e0 la montagne le temps d\u2019une semaine ou d\u2019un week-end, partager des moments magiques que ce soit une journ\u00e9e \u00e9pique sur les pistes, une randonn\u00e9e \u00e0 couper le souffle ou simplement le bonheur de se retrouver en famille ou entre amis, alors n&rsquo;h\u00e9sitez pas \u00e0 nous solliciter \u00a0afin que l&rsquo;on puisse r\u00e9pondre a vos envies&#8230;.<\/p><p>Bienvenue chez vous, bienvenue \u00e0 la montagne !<\/p><\/div>\t\t\t\t\t\t\t\t<\/div>\n\t\t\t\t<\/div>\n\t\t\t\t\t<\/div>\n\t\t<\/div>\n\t\t\t\t<div class=\"elementor-column elementor-col-33 elementor-top-column elementor-element elementor-element-c8ebbb3\" data-id=\"c8ebbb3\" data-element_type=\"column\" data-e-type=\"column\">\n\t\t\t<div class=\"elementor-widget-wrap elementor-element-populated\">\n\t\t\t\t\t\t<div class=\"elementor-element elementor-element-4385dab elementor-widget elementor-widget-heading\" data-id=\"4385dab\" data-element_type=\"widget\" data-e-type=\"widget\" data-widget_type=\"heading.default\">\n\t\t\t\t<div class=\"elementor-widget-container\">\n\t\t\t\t\t<h1 class=\"elementor-heading-title elementor-size-large\">\u00c9T\u00c9 COMME HIVER \nPROFITEZ D'UN EMPLACEMENT\n ID\u00c9AL POUR UN S\u00c9JOUR \nEN FAMILLE \nOU ENTRE AMIS.\n<\/h1>\t\t\t\t<\/div>\n\t\t\t\t<\/div>\n\t\t\t\t\t<\/div>\n\t\t<\/div>\n\t\t\t\t\t<\/div>\n\t\t<\/section>\n\t\t\t\t<section class=\"elementor-section elementor-top-section elementor-element elementor-element-ca75ed8 elementor-section-full_width elementor-section-height-min-height elementor-section-items-stretch elementor-section-height-default\" data-id=\"ca75ed8\" data-element_type=\"section\" data-e-type=\"section\">\n\t\t\t\t\t\t<div class=\"elementor-container elementor-column-gap-no\">\n\t\t\t\t\t<div class=\"elementor-column elementor-col-33 elementor-top-column elementor-element elementor-element-64dd1c6\" data-id=\"64dd1c6\" data-element_type=\"column\" data-e-type=\"column\" data-settings=\"{&quot;background_background&quot;:&quot;classic&quot;}\">\n\t\t\t<div class=\"elementor-widget-wrap elementor-element-populated\">\n\t\t\t\t\t\t<div class=\"elementor-element elementor-element-984e6c9 elementor-widget elementor-widget-call-to-action\" data-id=\"984e6c9\" data-element_type=\"widget\" data-e-type=\"widget\" data-widget_type=\"call-to-action.default\">\n\t\t\t\t<div class=\"elementor-widget-container\">\n\t\t\t\t\t \t\t\t\t<\/div>\n\t\t\t\t<\/div>\n\t\t\t\t\t<\/div>\n\t\t<\/div>\n\t\t\t\t<div class=\"elementor-column elementor-col-33 elementor-top-column elementor-element elementor-element-5caf26c\" data-id=\"5caf26c\" data-element_type=\"column\" data-e-type=\"column\">\n\t\t\t<div class=\"elementor-widget-wrap elementor-element-populated\">\n\t\t\t\t\t\t<div class=\"elementor-element elementor-element-223e0ec elementor-widget elementor-widget-call-to-action\" data-id=\"223e0ec\" data-element_type=\"widget\" data-e-type=\"widget\" data-widget_type=\"call-to-action.default\">\n\t\t\t\t<div class=\"elementor-widget-container\">\n\t\t\t\t\t \t\t\t\t<\/div>\n\t\t\t\t<\/div>\n\t\t\t\t\t<\/div>\n\t\t<\/div>\n\t\t\t\t<div class=\"elementor-column elementor-col-33 elementor-top-column elementor-element elementor-element-d85b32e\" data-id=\"d85b32e\" data-element_type=\"column\" data-e-type=\"column\" data-settings=\"{&quot;background_background&quot;:&quot;classic&quot;}\">\n\t\t\t<div class=\"elementor-widget-wrap elementor-element-populated\">\n\t\t\t\t\t\t<div class=\"elementor-element elementor-element-6296bdd elementor-widget elementor-widget-call-to-action\" data-id=\"6296bdd\" data-element_type=\"widget\" data-e-type=\"widget\" data-widget_type=\"call-to-action.default\">\n\t\t\t\t<div class=\"elementor-widget-container\">\n\t\t\t\t\t \t\t\t\t<\/div>\n\t\t\t\t<\/div>\n\t\t\t\t\t<\/div>\n\t\t<\/div>\n\t\t\t\t\t<\/div>\n\t\t<\/section>\n\t\t\t\t<section class=\"elementor-section elementor-top-section elementor-element elementor-element-85cf3ae elementor-section-height-min-height elementor-section-items-stretch elementor-section-boxed elementor-section-height-default\" data-id=\"85cf3ae\" data-element_type=\"section\" data-e-type=\"section\" data-settings=\"{&quot;background_background&quot;:&quot;classic&quot;}\">\n\t\t\t\t\t\t\t<div class=\"elementor-background-overlay\"><\/div>\n\t\t\t\t\t\t\t<div class=\"elementor-container elementor-column-gap-wide\">\n\t\t\t\t\t<div class=\"elementor-column elementor-col-100 elementor-top-column elementor-element elementor-element-953f197\" data-id=\"953f197\" data-element_type=\"column\" data-e-type=\"column\">\n\t\t\t<div class=\"elementor-widget-wrap elementor-element-populated\">\n\t\t\t\t\t\t<div class=\"elementor-element elementor-element-1b0dae1 elementor-widget-mobile__width-inherit elementor-hidden-mobile elementor-widget elementor-widget-heading\" data-id=\"1b0dae1\" data-element_type=\"widget\" data-e-type=\"widget\" data-widget_type=\"heading.default\">\n\t\t\t\t<div class=\"elementor-widget-container\">\n\t\t\t\t\t<h1 class=\"elementor-heading-title elementor-size-large\">BIENVENUE \u00c0 NOTRE DAME DE BELLECOMBE\n\n1150 M - 2069 M\n<\/h1>\t\t\t\t<\/div>\n\t\t\t\t<\/div>\n\t\t\t\t<div class=\"elementor-element elementor-element-0352811 elementor-widget elementor-widget-spacer\" data-id=\"0352811\" data-element_type=\"widget\" data-e-type=\"widget\" data-widget_type=\"spacer.default\">\n\t\t\t\t<div class=\"elementor-widget-container\">\n\t\t\t\t\t\t\t<div class=\"elementor-spacer\">\n\t\t\t<div class=\"elementor-spacer-inner\"><\/div>\n\t\t<\/div>\n\t\t\t\t\t\t<\/div>\n\t\t\t\t<\/div>\n\t\t\t\t<div class=\"elementor-element elementor-element-89f98f2 elementor-widget elementor-widget-text-editor\" data-id=\"89f98f2\" data-element_type=\"widget\" data-e-type=\"widget\" data-widget_type=\"text-editor.default\">\n\t\t\t\t<div class=\"elementor-widget-container\">\n\t\t\t\t\t\t\t\t\t<p>Nich\u00e9 au C\u0153ur du Val d\u2019Arly, <a href=\"\/index.php\/notre-dame-de-bellecombe\/\">Notre Dame de Bellecombe<\/a> est situ\u00e9 sur la prestigieuse Route des Grandes Alpes entre Aravis et Beaufortain.<\/p><p>Venez profiter d\u2019un s\u00e9jour pour vous s\u2019\u00e9vader et vous ressourcer tout simplement le temps d\u2019une semaine ou d\u2019un week-end au c\u0153ur de l&rsquo;espace Diamant.<\/p><p>D\u00e9couvrez les nombreuses activit\u00e9s au rythme des saisons \u00a0Ski alpin, Ski de fond, Trail, VTT, VAE, Randonn\u00e9e, Chien de Traineaux, Parapente, Scooter des Neiges&#8230;.Venez vibrer et vous ressourcer\u00a0en montagne en toute saison avec des <a href=\"\/index.php\/experiences\/\">exp\u00e9riences et activit\u00e9s<\/a>\u00a0\u00e0 \u00a0vous couper le souffle!<\/p>\t\t\t\t\t\t\t\t<\/div>\n\t\t\t\t<\/div>\n\t\t\t\t<div class=\"elementor-element elementor-element-a51af45 elementor-widget elementor-widget-spacer\" data-id=\"a51af45\" data-element_type=\"widget\" data-e-type=\"widget\" data-widget_type=\"spacer.default\">\n\t\t\t\t<div class=\"elementor-widget-container\">\n\t\t\t\t\t\t\t<div class=\"elementor-spacer\">\n\t\t\t<div class=\"elementor-spacer-inner\"><\/div>\n\t\t<\/div>\n\t\t\t\t\t\t<\/div>\n\t\t\t\t<\/div>\n\t\t\t\t<div class=\"elementor-element elementor-element-e8b8298 elementor-align-justify elementor-widget__width-initial anchor-link elementor-widget elementor-widget-button\" data-id=\"e8b8298\" data-element_type=\"widget\" data-e-type=\"widget\" data-widget_type=\"button.default\">\n\t\t\t\t<div class=\"elementor-widget-container\">\n\t\t\t\t\t\t\t\t\t<div class=\"elementor-button-wrapper\">\n\t\t\t\t\t<a class=\"elementor-button elementor-button-link elementor-size-md\" href=\"\/index.php\/pages\/contact\/contact-le-cosy-gite-a-louer\/\">\n\t\t\t\t\t\t<span class=\"elementor-button-content-wrapper\">\n\t\t\t\t\t\t<span class=\"elementor-button-icon\">\n\t\t\t\t<i aria-hidden=\"true\" class=\" icomoon-the7-font-the7-mail-01\"><\/i>\t\t\t<\/span>\n\t\t\t\t\t\t\t\t\t<span class=\"elementor-button-text\">Contact par mail<\/span>\n\t\t\t\t\t<\/span>\n\t\t\t\t\t<\/a>\n\t\t\t\t<\/div>\n\t\t\t\t\t\t\t\t<\/div>\n\t\t\t\t<\/div>\n\t\t\t\t\t<\/div>\n\t\t<\/div>\n\t\t\t\t\t<\/div>\n\t\t<\/section>\n\t\t\t\t<section class=\"elementor-section elementor-top-section elementor-element elementor-element-6064ef7 elementor-section-full_width elementor-section-height-default elementor-section-height-default\" data-id=\"6064ef7\" data-element_type=\"section\" data-e-type=\"section\">\n\t\t\t\t\t\t<div class=\"elementor-container elementor-column-gap-default\">\n\t\t\t\t\t<div class=\"elementor-column elementor-col-16 elementor-top-column elementor-element elementor-element-1282411\" data-id=\"1282411\" data-element_type=\"column\" data-e-type=\"column\">\n\t\t\t<div class=\"elementor-widget-wrap\">\n\t\t\t\t\t\t\t<\/div>\n\t\t<\/div>\n\t\t\t\t<div class=\"elementor-column elementor-col-66 elementor-top-column elementor-element elementor-element-947c67c\" data-id=\"947c67c\" data-element_type=\"column\" data-e-type=\"column\">\n\t\t\t<div class=\"elementor-widget-wrap elementor-element-populated\">\n\t\t\t\t\t\t<div class=\"elementor-element elementor-element-bcfc033 elementor-widget elementor-widget-testimonial-carousel\" data-id=\"bcfc033\" data-element_type=\"widget\" data-e-type=\"widget\" data-widget_type=\"testimonial-carousel.default\">\n\t\t\t\t<div class=\"elementor-widget-container\">\n\t\t\t\t\t \t\t\t\t<\/div>\n\t\t\t\t<\/div>\n\t\t\t\t\t<\/div>\n\t\t<\/div>\n\t\t\t\t<div class=\"elementor-column elementor-col-16 elementor-top-column elementor-element elementor-element-1cbc913\" data-id=\"1cbc913\" data-element_type=\"column\" data-e-type=\"column\">\n\t\t\t<div class=\"elementor-widget-wrap\">\n\t\t\t\t\t\t\t<\/div>\n\t\t<\/div>\n\t\t\t\t\t<\/div>\n\t\t<\/section>\n\t\t\t\t<section class=\"elementor-section elementor-top-section elementor-element elementor-element-ec5e283 elementor-section-boxed elementor-section-height-default elementor-section-height-default\" data-id=\"ec5e283\" data-element_type=\"section\" data-e-type=\"section\">\n\t\t\t\t\t\t<div class=\"elementor-container elementor-column-gap-default\">\n\t\t\t\t\t<div class=\"elementor-column elementor-col-100 elementor-top-column elementor-element elementor-element-40ad64b\" data-id=\"40ad64b\" data-element_type=\"column\" data-e-type=\"column\">\n\t\t\t<div class=\"elementor-widget-wrap\">\n\t\t\t\t\t\t\t<\/div>\n\t\t<\/div>\n\t\t\t\t\t<\/div>\n\t\t<\/section>\n\t\t\t\t<section class=\"elementor-section elementor-top-section elementor-element elementor-element-81ae83f elementor-section-boxed elementor-section-height-default elementor-section-height-default\" data-id=\"81ae83f\" data-element_type=\"section\" data-e-type=\"section\">\n\t\t\t\t\t\t<div class=\"elementor-container elementor-column-gap-default\">\n\t\t\t\t\t<div class=\"elementor-column elementor-col-100 elementor-top-column elementor-element elementor-element-d9b4a52\" data-id=\"d9b4a52\" data-element_type=\"column\" data-e-type=\"column\">\n\t\t\t<div class=\"elementor-widget-wrap\">\n\t\t\t\t\t\t\t<\/div>\n\t\t<\/div>\n\t\t\t\t\t<\/div>\n\t\t<\/section>\n\t\t\t\t<\/div>\n\t\t","protected":false},"excerpt":{"rendered":"<p>So Cosy NOTRE DAME DE BELLECOMBE 1350M Appartements \u00e0 Louer C&rsquo;est avec une immense joie que nous vous accueillerons dans l&rsquo;un de nos appartements cosy, perch\u00e9 dans nos magnifiques montagnes de Savoie au c\u0153ur du Val d\u2019Arly. Situ\u00e9 \u00e0 Notre Dame de Bellecombe en Savoie \u00e0 1350m d&rsquo;altitude, dans une station village aux charmes d&rsquo;antan&hellip;<\/p>\n","protected":false},"author":1,"featured_media":0,"parent":0,"menu_order":0,"comment_status":"closed","ping_status":"closed","template":"elementor_header_footer","meta":{"footnotes":""},"class_list":["post-49578","page","type-page","status-publish","hentry"],"_links":{"self":[{"href":"https:\/\/www.chaletcosy-notredamedebellecombe.com\/index.php\/wp-json\/wp\/v2\/pages\/49578","targetHints":{"allow":["GET"]}}],"collection":[{"href":"https:\/\/www.chaletcosy-notredamedebellecombe.com\/index.php\/wp-json\/wp\/v2\/pages"}],"about":[{"href":"https:\/\/www.chaletcosy-notredamedebellecombe.com\/index.php\/wp-json\/wp\/v2\/types\/page"}],"author":[{"embeddable":true,"href":"https:\/\/www.chaletcosy-notredamedebellecombe.com\/index.php\/wp-json\/wp\/v2\/users\/1"}],"replies":[{"embeddable":true,"href":"https:\/\/www.chaletcosy-notredamedebellecombe.com\/index.php\/wp-json\/wp\/v2\/comments?post=49578"}],"version-history":[{"count":426,"href":"https:\/\/www.chaletcosy-notredamedebellecombe.com\/index.php\/wp-json\/wp\/v2\/pages\/49578\/revisions"}],"predecessor-version":[{"id":56467,"href":"https:\/\/www.chaletcosy-notredamedebellecombe.com\/index.php\/wp-json\/wp\/v2\/pages\/49578\/revisions\/56467"}],"wp:attachment":[{"href":"https:\/\/www.chaletcosy-notredamedebellecombe.com\/index.php\/wp-json\/wp\/v2\/media?parent=49578"}],"curies":[{"name":"wp","href":"https:\/\/api.w.org\/{rel}","templated":true}]}}