{"id":56140,"date":"2023-10-05T09:53:15","date_gmt":"2023-10-05T07:53:15","guid":{"rendered":"https:\/\/www.chaletcosy-notredamedebellecombe.com\/?page_id=56140"},"modified":"2026-04-24T09:10:23","modified_gmt":"2026-04-24T07:10:23","slug":"cosy-lodge-vores","status":"publish","type":"page","link":"https:\/\/www.chaletcosy-notredamedebellecombe.com\/index.php\/cosy-lodge-vores\/","title":{"rendered":"Cosy Lodge Vores"},"content":{"rendered":"<h1>COSY LODGE VOR\u00c8S 1350M<\/h1>\n<h3>8 COUCHAGES<\/h3>\n<p>Bienvenue au <strong>COSY LODGE \u00abVor\u00e8s \u00bb<\/strong>, une atmosph\u00e8re chaleureuse, vous y attendra \u00e0 partir du mois de d\u00e9cembre 2023, en famille ou entre amis, situ\u00e9 au pied des pistes et au c\u0153ur du domaine skiable de l&rsquo;Espace Diamant, vous offrant une vue panoramique sur les montagnes. Confort et raffinement seront pr\u00e9sent lors de votre s\u00e9jour dans ce lieux unique. Il disposera de 2 balcons vous permettant de profiter pleinement de l&rsquo;ext\u00e9rieur et vous offrant une vue panoramique sur les montagnes et les pistes.\u00a0<\/p>\n<h2>EN SAVOIR +<\/h2>\n<ul>\n<li>\n\t\t\t\t\t\t\t\t\t\t1 chambre avec 1 lit en 140&#215;200 , lits superpos\u00e9s (90x 200),TV (100) ,salle bain privative (douche), Wc privative.\n\t\t\t\t\t\t\t\t\t<\/li>\n<li>\n\t\t\t\t\t\t\t\t\t\t1 chambre avec 1 lit en 160&#215;200,TV (100), coin bureau, salle bain (douche), Wc privative.\n\t\t\t\t\t\t\t\t\t<\/li>\n<li>\n\t\t\t\t\t\t\t\t\t\t1 chambre avec 1 lit en 160&#215;200, TV, coin bureau, salle bain (douche).\n\t\t\t\t\t\t\t\t\t<\/li>\n<li>\n\t\t\t\t\t\t\t\t\t\tS\u00e9jour &#038; pi\u00e8ce \u00e0 Vivre, TV Samsung UHD 4K(163)\n\t\t\t\t\t\t\t\t\t<\/li>\n<li>\n\t\t\t\t\t\t\t\t\t\t1 wc independant\n\t\t\t\t\t\t\t\t\t<\/li>\n<li>\n\t\t\t\t\t\t\t\t\t\tCuisine avec \u00eelot central (r\u00e9frig\u00e9rateur-cong\u00e9lateur, Lave Vaisselle, Plaques Induction, Four, Toasteur, Lave Linge, machine \u00e0 caf\u00e9, 1 machine \u00e0 caf\u00e9 expresso, bouilloire, 1 appareil \u00e0 raclette, 1 appareil \u00e0 fondue)\n\t\t\t\t\t\t\t\t\t<\/li>\n<li>\n\t\t\t\t\t\t\t\t\t\t1 Balcon exposition Sud &#038; 1 Balcon exposition Nord\n\t\t\t\t\t\t\t\t\t<\/li>\n<li>\n\t\t\t\t\t\t\t\t\t\tWifi par satellite 150 mbps\n\t\t\t\t\t\t\t\t\t<\/li>\n<li>\n\t\t\t\t\t\t\t\t\t\tCoffre fort\n\t\t\t\t\t\t\t\t\t<\/li>\n<li>\n\t\t\t\t\t\t\t\t\t\tLit b\u00e9b\u00e9, chaise haute (sur demande)\n\t\t\t\t\t\t\t\t\t<\/li>\n<li>\n\t\t\t\t\t\t\t\t\t\tSki room  privatif avec s\u00e8che-chaussures\n\t\t\t\t\t\t\t\t\t<\/li>\n<li>\n\t\t\t\t\t\t\t\t\t\t1 place de parking priv\u00e9.\n\t\t\t\t\t\t\t\t\t<\/li>\n<li>\n\t\t\t\t\t\t\t\t\t\tParking d\u00e9chargement bagages au pied du chalet.\n\t\t\t\t\t\t\t\t\t<\/li>\n<li>\n\t\t\t\t\t\t\t\t\t\t Parking gratuit en face du chalet\n\t\t\t\t\t\t\t\t\t<\/li>\n<li>\n\t\t\t\t\t\t\t\t\t\tArriv\u00e9e autonome\n\t\t\t\t\t\t\t\t\t<\/li>\n<li>\n\t\t\t\t\t\t\t\t\t\tNos amis les animaux ne sont pas admis\n\t\t\t\t\t\t\t\t\t<\/li>\n<li>\n\t\t\t\t\t\t\t\t\t\tNon fumeur\n\t\t\t\t\t\t\t\t\t<\/li>\n<li>\n\t\t\t\t\t\t\t\t\t\tD\u00e9part cours ESF en face du chalet\n\t\t\t\t\t\t\t\t\t<\/li>\n<\/ul>\n<h2>DESCRIPTION DU LOGEMENT<\/h2>\n<p>Accordez-vous un moment de pure d\u00e9tente dans l\u2019intimit\u00e9 et le confort de chaque pi\u00e8ce, l&rsquo;appartement est situ\u00e9 au 2\u00e8me \u00e9tage du chalet<\/p>\n<p>Le\u00a0<strong>Cosy Lodge<\/strong><strong> VORES<\/strong> 1350m, emplacement pr\u00e9mium pour vos vacances de sports d&rsquo;hiver, est situ\u00e9 au pied des pistes du Mont rond 1350M<strong>.<\/strong>\u00a0Un bel Espace de vie 9<strong>0m2<\/strong> \u00e0 l\u2019int\u00e9rieur, \u00e0 l\u2019ext\u00e9rieur 2 balcons orient\u00e9s sud et nord o\u00f9 vous pourrez contempler nos montagnes, le\u00a0<strong>Mont Charvin<\/strong>, la\u00a0<strong>Chaine des Aravis<\/strong>\u00a0et profiter pleinement de d\u00e9licieux moments en famille ou entre amis.<\/p>\n<p>Vous serez en Direct sur l\u2019Espace Diamant, sortez, respirer, savourez le bonheur.<\/p>\n<p>&#8212;&#8212;&#8212;&#8212;&#8212;&#8212;&#8212;&#8212;&#8212;&#8212;&#8212;&#8212;&#8212;&#8212;<br \/>Distances <br \/>&#8212;&#8212;&#8212;&#8212;&#8212;&#8212;&#8212;&#8212;&#8212;&#8212;&#8212;&#8212;&#8212;&#8212;<br \/>Pied de pistes et cours ESF <br \/>3 kms du village NDBellecombe<br \/>8 kms du Col des Saisies <br \/>30 kms d&rsquo;Albertville<br \/>100 kms A\u00e9roport de Gen\u00e8ve<br \/>165 kms A\u00e9roport de Lyon St Exup\u00e9ry<\/p>\n<h2>TARIFS DU COSY LODGE VORES<\/h2>\n<h3>PRINTEMPS \/ ETE 2025<\/h3>\n<p>Basse Saison : 1290\u20ac\/7J<\/p>\n<p>Moyenne Saison: 1590\u20ac\/7J<\/p>\n<p>Haute Saison: 1750\u20ac\/7J<\/p>\n<h3>AUTOMNE \/ HIVER 2026<\/h3>\n<p>Basse Saison : 1290\u20ac\/7J<\/p>\n<p>Moyenne Saison: 1590\u20ac \u00e0 2390\u20ac\/7J<\/p>\n<p>Haute Saison: 3250\u20ac\/7J<\/p>\n<h2>SERVICES<\/h2>\n<p>&#8212;&#8212;&#8212;&#8212;&#8212;&#8212;&#8212;&#8212;&#8212;&#8212;&#8212;&#8212;&#8212;&#8212;&#8212;<br \/>Services payants<br \/>&#8212;&#8212;&#8212;&#8212;&#8212;&#8212;&#8212;&#8212;&#8212;&#8212;&#8212;&#8212;&#8212;&#8212;&#8212;<br \/>Kit lit single : 15\u20ac<br \/>1 draps plats<br \/>1 housse de couette<br \/>1 taie d\u2019oreiller<\/p>\n<p>Kit lit double : 20\u20ac<br \/>1 draps housse<br \/>1 housse de couette<br \/>2 taies d\u2019oreillers<\/p>\n<p>Kit serviette de toilette:<br \/>1 gd +1 pt= 8\u20ac\/pers<\/p>\n<p>M\u00e9nage fin de s\u00e9jour 150\u20ac (obligatoire)<\/p>\n<p>&#8212;&#8212;&#8212;&#8212;&#8212;&#8212;&#8212;&#8212;&#8212;&#8212;&#8212;&#8212;&#8212;&#8212;&#8212;<br \/>Services &amp; \u00e9quipement inclus<br \/>&#8212;&#8212;&#8212;&#8212;&#8212;&#8212;&#8212;&#8212;&#8212;&#8212;&#8212;&#8212;&#8212;&#8212;&#8212;<br \/>Parking gratuit\u00a0<br \/>Ski Room avec s\u00e8che chaussures<br \/>Coffre fort<br \/>Appareil \u00e0 raclette &amp; Fondue<br \/>Chaise bb et lit parapluie (sur demande)<br \/>Wifi par satellite 150 mbps<\/p>\n<hr \/>\n<hr \/>\n<p>COSY LODGE<br \/>2494 Route du Mont rond<br \/>73590 Notre Dame de Bellecombe<\/p>\n<p>Coordonn\u00e9es GPS :<br \/>Altitude : 1 350 m\u00e8tres<br \/>Latitude : 45.803266<br \/>Longitude : 6.548697<\/p>\n","protected":false},"excerpt":{"rendered":"<p>COSY LODGE VOR\u00c8S 1350M 8 COUCHAGES Bienvenue au COSY LODGE \u00abVor\u00e8s \u00bb, une atmosph\u00e8re chaleureuse, vous y attendra \u00e0 partir du mois de d\u00e9cembre 2023, en famille ou entre amis, situ\u00e9 au pied des pistes et au c\u0153ur du domaine skiable de l&rsquo;Espace Diamant, vous offrant une vue panoramique sur les montagnes. Confort et raffinement&hellip;<\/p>\n","protected":false},"author":1,"featured_media":762,"parent":0,"menu_order":50,"comment_status":"closed","ping_status":"closed","template":"","meta":{"footnotes":""},"class_list":["post-56140","page","type-page","status-publish","has-post-thumbnail","hentry","description-off"],"_links":{"self":[{"href":"https:\/\/www.chaletcosy-notredamedebellecombe.com\/index.php\/wp-json\/wp\/v2\/pages\/56140","targetHints":{"allow":["GET"]}}],"collection":[{"href":"https:\/\/www.chaletcosy-notredamedebellecombe.com\/index.php\/wp-json\/wp\/v2\/pages"}],"about":[{"href":"https:\/\/www.chaletcosy-notredamedebellecombe.com\/index.php\/wp-json\/wp\/v2\/types\/page"}],"author":[{"embeddable":true,"href":"https:\/\/www.chaletcosy-notredamedebellecombe.com\/index.php\/wp-json\/wp\/v2\/users\/1"}],"replies":[{"embeddable":true,"href":"https:\/\/www.chaletcosy-notredamedebellecombe.com\/index.php\/wp-json\/wp\/v2\/comments?post=56140"}],"version-history":[{"count":100,"href":"https:\/\/www.chaletcosy-notredamedebellecombe.com\/index.php\/wp-json\/wp\/v2\/pages\/56140\/revisions"}],"predecessor-version":[{"id":56439,"href":"https:\/\/www.chaletcosy-notredamedebellecombe.com\/index.php\/wp-json\/wp\/v2\/pages\/56140\/revisions\/56439"}],"wp:featuredmedia":[{"embeddable":true,"href":"https:\/\/www.chaletcosy-notredamedebellecombe.com\/index.php\/wp-json\/wp\/v2\/media\/762"}],"wp:attachment":[{"href":"https:\/\/www.chaletcosy-notredamedebellecombe.com\/index.php\/wp-json\/wp\/v2\/media?parent=56140"}],"curies":[{"name":"wp","href":"https:\/\/api.w.org\/{rel}","templated":true}]}}